{"id":943,"date":"2025-07-08T16:29:36","date_gmt":"2025-07-08T16:29:36","guid":{"rendered":"https:\/\/www.mtnkibristransfer.com\/?page_id=943"},"modified":"2026-01-17T14:47:30","modified_gmt":"2026-01-17T14:47:30","slug":"elementor-943","status":"publish","type":"page","link":"https:\/\/www.mtnkibristransfer.com\/en\/elementor-943\/","title":{"rendered":"K\u0131br\u0131s Tur Fiyatlar\u0131"},"content":{"rendered":"<div data-elementor-type=\"wp-page\" data-elementor-id=\"943\" class=\"elementor elementor-943\">\n\t\t\t\t<div class=\"elementor-element elementor-element-6510a56 e-con-full e-flex e-con e-parent\" data-id=\"6510a56\" data-element_type=\"container\" data-e-type=\"container\" data-settings=\"{&quot;background_background&quot;:&quot;classic&quot;}\">\n\t\t\t\t<div class=\"elementor-element elementor-element-3d7004f elementor-widget elementor-widget-heading\" data-id=\"3d7004f\" data-element_type=\"widget\" data-e-type=\"widget\" data-widget_type=\"heading.default\">\n\t\t\t\t\t<h4 class=\"elementor-heading-title elementor-size-default\">Cyprus City Tour Price List<\/h4>\t\t\t\t<\/div>\n\t\t\t\t<\/div>\n\t\t<div class=\"elementor-element elementor-element-3f4f475 e-flex e-con-boxed e-con e-parent\" data-id=\"3f4f475\" data-element_type=\"container\" data-e-type=\"container\">\n\t\t\t\t\t<div class=\"e-con-inner\">\n\t\t\t\t<div class=\"elementor-element elementor-element-4a41a80 elementor-widget elementor-widget-html\" data-id=\"4a41a80\" data-element_type=\"widget\" data-e-type=\"widget\" data-widget_type=\"html.default\">\n\t\t\t\t\t<style>.elementor img{ display: block;\r\n  margin: 0 auto;             \/* YATAY ortalama *\/\r\n  max-width: 70px;\r\n  height: auto;}\r\n  \r\nbody:not(.woocommerce-page) table td, body:not(.woocommerce-page) table th{color:rgb(106, 104, 104);}\r\n  \r\n  \r\n  .elementor a{color: #11BA89;}\r\n  \r\n  \r\n  @media (max-width: 768px) {\r\n  table td,\r\n  table th,\r\n  table p,\r\n  table span,\r\n  table a {\r\n    font-size: 12px !important;\r\n  }\r\n\r\n  table img {\r\n    max-width: 70px;\r\n    height: auto;\r\n  }\r\n\r\n  table td, table th {\r\n    padding: 4px !important;\r\n  }\r\n  @media (max-width: 768px) {\r\n  \/* Metin boyutlar\u0131n\u0131 k\u00fc\u00e7\u00fclt *\/\r\n  table td,\r\n  table th,\r\n  table p,\r\n  table span,\r\n  table a\r\n   {\r\n    font-size: 8px !important;\r\n  }\r\n\r\n  \/* \u0130konlar\u0131 k\u00fc\u00e7\u00fclt *\/\r\n  table i {\r\n    font-size: 7px !important;\r\n    margin: 0 3px 3px 3px !important;\r\n  }\r\n\r\n  \/* \"Detayl\u0131 Bilgi \u0130\u00e7in\" yaz\u0131s\u0131 *\/\r\n  table td {\r\n    line-height: 1 !important;\r\n  }\r\n\r\n  \/* G\u00f6rselleri de daralt istersen *\/\r\n  table img {\r\n    max-width: 70px !important;\r\n    height: auto;\r\n  }\r\n}\r\n}\r\n\r\n  <\/style>\r\n  \r\n<table>\r\n<tbody>\r\n<tr>\r\n<th><\/th>\r\n<th>\r\n  <p><img decoding=\"async\" src=\"https:\/\/www.mtnkibristransfer.com\/wp-content\/uploads\/2025\/07\/vito.png\" width=\"100\"><\/p>\r\n  <p>Vito (1-7 Person)<\/p>\r\n<\/th>\r\n<!-- S350 s\u00fctunu silindi -->\r\n<th>\r\n  <p><img decoding=\"async\" src=\"https:\/\/www.mtnkibristransfer.com\/wp-content\/uploads\/2025\/07\/minibus-2.png\" width=\"100\"><\/p>\r\n  <p>Sprinter (1-17 Person)<\/p>\r\n<\/th>\r\n<!-- Minib\u00fcs s\u00fctunu silindi -->\r\n<th>\r\n  <p><img decoding=\"async\" src=\"https:\/\/www.mtnkibristransfer.com\/wp-content\/uploads\/2025\/07\/otobus.png\" width=\"100\"><\/p>\r\n  <p>Bus (1-49 Person)<\/p>\r\n<\/th>\r\n<\/tr>\r\n\r\n<tr>\r\n<td>LEFKO\u015eA-G\u0130RNE TURU<\/td>\r\n<td>15000 \u20ba<\/td>\r\n<!-- S350 silindi -->\r\n<td>17500 \u20ba<\/td>\r\n<!-- Minib\u00fcs silindi -->\r\n<td>For Detailed Information<br><a href=\"https:\/\/api.whatsapp.com\/send?phone=905428598031\"><i class=\"fab fa-whatsapp\" style=\"font-size: 18px; margin-right: 5px; margin-top: 5px;\"><\/i><span style=\"font-size: 12px; margin-right: 5px;\">Whatsapp<\/span><\/a> - <a href=\"tel:05428598031\"><i class=\"fas fa-phone\" style=\"font-size: 16px; margin-left: 5px; margin-top: 5px;\"><\/i><span style=\"font-size: 12px; margin-left: 5px;\">Call Us<\/span><\/a><\/td>\r\n<\/tr>\r\n\r\n<tr>\r\n<td>MAGOSA TURU<\/td>\r\n<td>15000 \u20ba<\/td>\r\n<!-- S350 silindi -->\r\n<td>17500 \u20ba<\/td>\r\n<!-- Minib\u00fcs silindi -->\r\n<td>For Detailed Information<br><a href=\"https:\/\/api.whatsapp.com\/send?phone=905428598031\"><i class=\"fab fa-whatsapp\" style=\"font-size: 18px; margin-right: 5px; margin-top: 5px;\"><\/i><span style=\"font-size: 12px; margin-right: 5px;\">Whatsapp<\/span><\/a> - <a href=\"tel:05428598031\"><i class=\"fas fa-phone\" style=\"font-size: 16px; margin-left: 5px; margin-top: 5px;\"><\/i><span style=\"font-size: 12px; margin-left: 5px;\">Call Us<\/span><\/a><\/td>\r\n<\/tr>\r\n\r\n<tr>\r\n<td>G\u0130RNE TURU<\/td>\r\n<td>15000 \u20ba<\/td>\r\n<!-- S350 silindi -->\r\n<td>17500 \u20ba<\/td>\r\n<!-- Minib\u00fcs silindi -->\r\n<td>For Detailed Information<br><a href=\"https:\/\/api.whatsapp.com\/send?phone=905428598031\"><i class=\"fab fa-whatsapp\" style=\"font-size: 18px; margin-right: 5px; margin-top: 5px;\"><\/i><span style=\"font-size: 12px; margin-right: 5px;\">Whatsapp<\/span><\/a> - <a href=\"tel:05428598031\"><i class=\"fas fa-phone\" style=\"font-size: 16px; margin-left: 5px; margin-top: 5px;\"><\/i><span style=\"font-size: 12px; margin-left: 5px;\">Call Us<\/span><\/a><\/td>\r\n<\/tr>\r\n\r\n<tr>\r\n<td>BE\u015ePARMAKLAR TURU<\/td>\r\n<td>15000 \u20ba<\/td>\r\n<!-- S350 silindi -->\r\n<td>17500 \u20ba<\/td>\r\n<!-- Minib\u00fcs silindi -->\r\n<td>For Detailed Information<br><a href=\"https:\/\/api.whatsapp.com\/send?phone=905428598031\"><i class=\"fab fa-whatsapp\" style=\"font-size: 18px; margin-right: 5px; margin-top: 5px;\"><\/i><span style=\"font-size: 12px; margin-right: 5px;\">Whatsapp<\/span><\/a> - <a href=\"tel:05428598031\"><i class=\"fas fa-phone\" style=\"font-size: 16px; margin-left: 5px; margin-top: 5px;\"><\/i><span style=\"font-size: 12px; margin-left: 5px;\">Call Us<\/span><\/a><\/td>\r\n<\/tr>\r\n\r\n<tr>\r\n<td>KARPAZ TURU<\/td>\r\n<td>17500 \u20ba<\/td>\r\n<!-- S350 silindi -->\r\n<td>22500 \u20ba<\/td>\r\n<!-- Minib\u00fcs silindi -->\r\n<td>For Detailed Information<br><a href=\"https:\/\/api.whatsapp.com\/send?phone=905428598031\"><i class=\"fab fa-whatsapp\" style=\"font-size: 18px; margin-right: 5px; margin-top: 5px;\"><\/i><span style=\"font-size: 12px; margin-right: 5px;\">Whatsapp<\/span><\/a> - <a href=\"tel:05428598031\"><i class=\"fas fa-phone\" style=\"font-size: 16px; margin-left: 5px; margin-top: 5px;\"><\/i><span style=\"font-size: 12px; margin-left: 5px;\">Call Us<\/span><\/a><\/td>\r\n<\/tr>\r\n\r\n<tr>\r\n<td>LEFKO\u015eA-MAGOSA TURU<\/td>\r\n<td>15000 \u20ba<\/td>\r\n<!-- S350 silindi -->\r\n<td>17500 \u20ba<\/td>\r\n<!-- Minib\u00fcs silindi -->\r\n<td>For Detailed Information<br><a href=\"https:\/\/api.whatsapp.com\/send?phone=905428598031\"><i class=\"fab fa-whatsapp\" style=\"font-size: 18px; margin-right: 5px; margin-top: 5px;\"><\/i><span style=\"font-size: 12px; margin-right: 5px;\">Whatsapp<\/span><\/a> - <a href=\"tel:05428598031\"><i class=\"fas fa-phone\" style=\"font-size: 16px; margin-left: 5px; margin-top: 5px;\"><\/i><span style=\"font-size: 12px; margin-left: 5px;\">Call Us<\/span><\/a><\/td>\r\n<\/tr>\r\n\r\n<tr>\r\n<td>G\u00dcZELYURT-LEFKE TURU<\/td>\r\n<td>15000 \u20ba<\/td>\r\n<!-- S350 silindi -->\r\n<td>17500 \u20ba<\/td>\r\n<!-- Minib\u00fcs silindi -->\r\n<td>For Detailed Information<br><a href=\"https:\/\/api.whatsapp.com\/send?phone=905428598031\"><i class=\"fab fa-whatsapp\" style=\"font-size: 18px; margin-right: 5px; margin-top: 5px;\"><\/i><span style=\"font-size: 12px; margin-right: 5px;\">Whatsapp<\/span><\/a> - <a href=\"tel:05428598031\"><i class=\"fas fa-phone\" style=\"font-size: 16px; margin-left: 5px; margin-top: 5px;\"><\/i><span style=\"font-size: 12px; margin-left: 5px;\">Call Us<\/span><\/a><\/td>\r\n<\/tr>\r\n\r\n<tr>\r\n<td>LEFKO\u015eA TURU<\/td>\r\n<td>15000 \u20ba<\/td>\r\n<!-- S350 silindi -->\r\n<td>17500 \u20ba<\/td>\r\n<!-- Minib\u00fcs silindi -->\r\n<td>For Detailed Information<br><a href=\"https:\/\/api.whatsapp.com\/send?phone=905428598031\"><i class=\"fab fa-whatsapp\" style=\"font-size: 18px; margin-right: 5px; margin-top: 5px;\"><\/i><span style=\"font-size: 12px; margin-right: 5px;\">Whatsapp<\/span><\/a> - <a href=\"tel:05428598031\"><i class=\"fas fa-phone\" style=\"font-size: 16px; margin-left: 5px; margin-top: 5px;\"><\/i><span style=\"font-size: 12px; margin-left: 5px;\">Call Us<\/span><\/a><\/td>\r\n<\/tr>\r\n<\/tbody>\r\n<\/table>\r\n\t\t\t\t<\/div>\n\t\t\t\t\t<\/div>\n\t\t\t\t<\/div>\n\t\t\t\t<\/div>","protected":false},"excerpt":{"rendered":"<p>KIBRIS \u015eEH\u0130R \u0130\u00c7\u0130 TUR F\u0130YAT L\u0130STES\u0130 Vito (1-7 Ki\u015fi) Sprinter (1-17 Ki\u015fi) Otob\u00fcs (1-49 Ki\u015fi) LEFKO\u015eA-G\u0130RNE TURU 15000 \u20ba 17500 \u20ba Detayl\u0131 Bilgi \u0130\u00e7inWhatsapp &#8211; \u015eimdi Ara MAGOSA TURU 15000 \u20ba 17500 \u20ba Detayl\u0131 Bilgi \u0130\u00e7inWhatsapp &#8211; \u015eimdi Ara G\u0130RNE TURU 15000 \u20ba 17500 \u20ba Detayl\u0131 Bilgi \u0130\u00e7inWhatsapp &#8211; \u015eimdi Ara BE\u015ePARMAKLAR TURU 15000 \u20ba [&hellip;]<\/p>\n","protected":false},"author":1,"featured_media":0,"parent":0,"menu_order":0,"comment_status":"closed","ping_status":"closed","template":"elementor_header_footer","meta":{"_glsr_average":0,"_glsr_ranking":0,"_glsr_reviews":0,"footnotes":""},"class_list":["post-943","page","type-page","status-publish","hentry"],"jetpack_sharing_enabled":true,"_links":{"self":[{"href":"https:\/\/www.mtnkibristransfer.com\/en\/wp-json\/wp\/v2\/pages\/943","targetHints":{"allow":["GET"]}}],"collection":[{"href":"https:\/\/www.mtnkibristransfer.com\/en\/wp-json\/wp\/v2\/pages"}],"about":[{"href":"https:\/\/www.mtnkibristransfer.com\/en\/wp-json\/wp\/v2\/types\/page"}],"author":[{"embeddable":true,"href":"https:\/\/www.mtnkibristransfer.com\/en\/wp-json\/wp\/v2\/users\/1"}],"replies":[{"embeddable":true,"href":"https:\/\/www.mtnkibristransfer.com\/en\/wp-json\/wp\/v2\/comments?post=943"}],"version-history":[{"count":32,"href":"https:\/\/www.mtnkibristransfer.com\/en\/wp-json\/wp\/v2\/pages\/943\/revisions"}],"predecessor-version":[{"id":2378,"href":"https:\/\/www.mtnkibristransfer.com\/en\/wp-json\/wp\/v2\/pages\/943\/revisions\/2378"}],"wp:attachment":[{"href":"https:\/\/www.mtnkibristransfer.com\/en\/wp-json\/wp\/v2\/media?parent=943"}],"curies":[{"name":"wp","href":"https:\/\/api.w.org\/{rel}","templated":true}]}}